{"id":7768,"date":"2017-03-03T08:54:14","date_gmt":"2017-03-03T07:54:14","guid":{"rendered":"https:\/\/gulag.databank.sk\/?page_id=7768"},"modified":"2025-11-03T22:47:59","modified_gmt":"2025-11-03T21:47:59","slug":"kezmuvesek-adatbazisa","status":"publish","type":"page","link":"https:\/\/csemadok.sk\/kezmuvesek\/","title":{"rendered":"K\u00e9zm\u0171vesek Adatb\u00e1zisa"},"content":{"rendered":"<h2><a href=\"https:\/\/csemadok.sk\/kezmuvesek\/regisztralas-a-kezmuvesek-adatbazisaba\/\"><strong>Regisztr\u00e1l\u00e1s a k\u00e9zm\u0171vesek adatb\u00e1zis\u00e1ba &gt;&gt;<\/strong><\/a><\/h2>\n<p>Az adatb\u00e1zist a Hagyom\u00e1nyok H\u00e1za H\u00e1l\u00f3zat a Szlov\u00e1kiai Magyar M\u0171vel\u0151d\u00e9si Int\u00e9zettel, a G\u00f6m\u00f6ri K\u00e9zm\u0171vesek T\u00e1rsas\u00e1g\u00e1val, a Motolla K\u00e9zm\u0171ves K\u00f6rrel, az Ilosvai Polg\u00e1ri T\u00e1rsul\u00e1ssal \u00e9s a Szlov\u00e1kiai Magyar Adatbankkal k\u00f6z\u00f6sen hozza l\u00e9tre azzal a sz\u00e1nd\u00e9kkal, hogy \u00f6sszefoglalja \u00e9s regisztr\u00e1lja azokat a szlov\u00e1kiai magyar k\u00e9zm\u0171veseket, akik f\u0151\u00e1ll\u00e1sban vagy munka mellett v\u00e9gzik a hagyom\u00e1nyos n\u00e9pi mesters\u00e9geket, \u00e9s ezzel hozz\u00e1j\u00e1rulnak a szlov\u00e1kiai magyar n\u00e9pi kult\u00far\u00e1nk valamint hagyom\u00e1nyaink t\u00e1rgyi meg\u0151rz\u00e9s\u00e9hez, \u00e1polj\u00e1k \u00e9s tov\u00e1bbadj\u00e1k tud\u00e1sukat a k\u00f6vetkez\u0151 nemzed\u00e9keknek.<\/p>\n<p>Az adatb\u00e1zis lehet\u0151s\u00e9get teremthet a szlov\u00e1kiai magyar mestereknek, hogy sz\u00e9lesebb k\u00f6rben megismertess\u00e9k tev\u00e9kenys\u00e9g\u00fcket, amely hozz\u00e1j\u00e1rulhat term\u00e9keik versenyk\u00e9pess\u00e9g\u00e9nek n\u00f6vel\u00e9s\u00e9ben valamint ahhoz, hogy a k\u00e9zm\u0171ves m\u0171helyek meger\u0151s\u00f6djenek, \u00e9s ak\u00e1r \u00faj munkahelyeket teremtsenek. Az adatb\u00e1zisban regisztr\u00e1lt k\u00e9zm\u0171veseknek lehet\u0151s\u00e9ge ny\u00edlik a fent eml\u00edtett szakmai szervezetek aj\u00e1nl\u00e1s\u00e1val megh\u00edv\u00e1st kapni k\u00fcl\u00f6nf\u00e9le rendezv\u00e9nyekre, n\u00e9pm\u0171v\u00e9szeti fesztiv\u00e1lokra, ahol bemutathatj\u00e1k mesters\u00e9g\u00fcket \u00e9s term\u00e9keiket.<\/p>\n","protected":false},"excerpt":{"rendered":"<p>Regisztr\u00e1l\u00e1s a k\u00e9zm\u0171vesek adatb\u00e1zis\u00e1ba &gt;&gt; Az adatb\u00e1zist a Hagyom\u00e1nyok H\u00e1za H\u00e1l\u00f3zat a Szlov\u00e1kiai Magyar M\u0171vel\u0151d\u00e9si Int\u00e9zettel, a G\u00f6m\u00f6ri K\u00e9zm\u0171vesek T\u00e1rsas\u00e1g\u00e1val, a Motolla K\u00e9zm\u0171ves K\u00f6rrel, az Ilosvai Polg\u00e1ri T\u00e1rsul\u00e1ssal \u00e9s a Szlov\u00e1kiai Magyar Adatbankkal k\u00f6z\u00f6sen hozza l\u00e9tre azzal a sz\u00e1nd\u00e9kkal, hogy \u00f6sszefoglalja \u00e9s regisztr\u00e1lja azokat a szlov\u00e1kiai magyar k\u00e9zm\u0171veseket, akik f\u0151\u00e1ll\u00e1sban vagy munka mellett v\u00e9gzik a [&hellip;]<\/p>\n","protected":false},"author":1,"featured_media":0,"parent":0,"menu_order":0,"comment_status":"closed","ping_status":"closed","template":"page-template-artisan.php","meta":{"_acf_changed":false,"footnotes":""},"class_list":["post-7768","page","type-page","status-publish","hentry"],"acf":[],"_links":{"self":[{"href":"https:\/\/csemadok.sk\/kezmuvesek\/wp-json\/wp\/v2\/pages\/7768","targetHints":{"allow":["GET"]}}],"collection":[{"href":"https:\/\/csemadok.sk\/kezmuvesek\/wp-json\/wp\/v2\/pages"}],"about":[{"href":"https:\/\/csemadok.sk\/kezmuvesek\/wp-json\/wp\/v2\/types\/page"}],"author":[{"embeddable":true,"href":"https:\/\/csemadok.sk\/kezmuvesek\/wp-json\/wp\/v2\/users\/1"}],"replies":[{"embeddable":true,"href":"https:\/\/csemadok.sk\/kezmuvesek\/wp-json\/wp\/v2\/comments?post=7768"}],"version-history":[{"count":5,"href":"https:\/\/csemadok.sk\/kezmuvesek\/wp-json\/wp\/v2\/pages\/7768\/revisions"}],"predecessor-version":[{"id":101978,"href":"https:\/\/csemadok.sk\/kezmuvesek\/wp-json\/wp\/v2\/pages\/7768\/revisions\/101978"}],"wp:attachment":[{"href":"https:\/\/csemadok.sk\/kezmuvesek\/wp-json\/wp\/v2\/media?parent=7768"}],"curies":[{"name":"wp","href":"https:\/\/api.w.org\/{rel}","templated":true}]}}